{"id":468,"date":"2017-09-06T14:22:03","date_gmt":"2017-09-06T12:22:03","guid":{"rendered":"https:\/\/www.fein-sas.fr\/nos-clients-2\/"},"modified":"2017-11-17T11:11:05","modified_gmt":"2017-11-17T10:11:05","slug":"nos-clients","status":"publish","type":"page","link":"https:\/\/www.fein-sas.fr\/en\/nos-clients\/","title":{"rendered":"Our clients"},"content":{"rendered":"<div class=\"wpb-content-wrapper\"><p>[vc_row css=&#8221;.vc_custom_1504873726498{margin-top: -40px !important;}&#8221;][vc_column el_id=&#8221;header-title&#8221; css=&#8221;.vc_custom_1504873745141{background-color: #ffffff !important;border-radius: 15px !important;}&#8221;][vc_column_text]<\/p>\n<h1 style=\"text-align: center;\"><strong>Our clients<\/strong><\/h1>\n<p>[\/vc_column_text][vc_column_text]<\/p>\n<p style=\"text-align: center;\"><strong>Fein meets your constraints and requirements, whatever your sector of activity and your location<\/strong><\/p>\n<p>[\/vc_column_text][\/vc_column][\/vc_row][vc_row][vc_column width=&#8221;1\/2&#8243;][vc_single_image image=&#8221;77&#8243; img_size=&#8221;full&#8221; alignment=&#8221;right&#8221; onclick=&#8221;zoom&#8221;][\/vc_column][vc_column width=&#8221;1\/2&#8243;][vc_column_text]<\/p>\n<h2 style=\"color: #999999;\">Luxe<\/h2>\n<p>Appearance parts, unit control in demanding customers.<\/p>\n<p>FEIN offers a careful and meticulous work as well as small series, with particular attention to packaging<br \/>\nto protect the parts during transport.[\/vc_column_text][\/vc_column][\/vc_row][vc_row][vc_column width=&#8221;1\/2&#8243;][vc_column_text]<\/p>\n<h2 style=\"text-align: right; color: #999999;\">Mechanical industry<\/h2>\n<p style=\"text-align: right;\">The FEIN, Cartesian and methodical culture fits perfectly into this field of activity.<\/p>\n<p>[\/vc_column_text][\/vc_column][vc_column width=&#8221;1\/2&#8243;][vc_single_image image=&#8221;76&#8243; img_size=&#8221;960&#215;275&#8243; onclick=&#8221;zoom&#8221;][\/vc_column][\/vc_row][vc_row][vc_column width=&#8221;1\/2&#8243;][vc_single_image image=&#8221;72&#8243; img_size=&#8221;960&#215;275&#8243; alignment=&#8221;right&#8221; onclick=&#8221;zoom&#8221;][\/vc_column][vc_column width=&#8221;1\/2&#8243;][vc_column_text]<\/p>\n<h2><span style=\"color: #999999;\">Automobile<\/span><\/h2>\n<p>Rigorous processes and certifications guarantee the respect of the requirements of the Automotive sector.[\/vc_column_text][\/vc_column][\/vc_row][vc_row][vc_column width=&#8221;1\/2&#8243;][vc_column_text]<\/p>\n<h2 style=\"text-align: right; color: #999;\">High and Low Voltage Connectors<\/h2>\n<p style=\"text-align: right;\">FEIN has mastered the work of copper and its alloys,<br \/>\npour toute taille de s\u00e9rie et de complexit\u00e9 de pi\u00e8ces qui transmettent signaux ou \u00e9nergie \u00e9lectrique.<\/p>\n<p>[\/vc_column_text][\/vc_column][vc_column width=&#8221;1\/2&#8243;][vc_single_image image=&#8221;74&#8243; img_size=&#8221;960&#215;275&#8243; onclick=&#8221;zoom&#8221;][\/vc_column][\/vc_row][vc_row][vc_column width=&#8221;1\/2&#8243;][vc_single_image image=&#8221;71&#8243; img_size=&#8221;960&#215;275&#8243; alignment=&#8221;right&#8221; onclick=&#8221;zoom&#8221;][\/vc_column][vc_column width=&#8221;1\/2&#8243;][vc_column_text]<\/p>\n<h2 style=\"color: #999;\">Parts and Components \u2013 Aeronautics<\/h2>\n<p>Technical requirements, traceability of materials and processes,<br \/>\nadaptation to small and medium series are necessary to meet this sector of activity.[\/vc_column_text][\/vc_column][\/vc_row][vc_row][vc_column width=&#8221;1\/2&#8243;][vc_column_text]<\/p>\n<h2 style=\"text-align: right;\"><span style=\"color: #999999;\">Spatial<\/span><\/h2>\n<p style=\"text-align: right;\">This cutting-edge domain develops special constraints that FEIN knows how to address.<\/p>\n<p>[\/vc_column_text][\/vc_column][vc_column width=&#8221;1\/2&#8243;][vc_single_image image=&#8221;79&#8243; img_size=&#8221;960&#215;275&#8243; onclick=&#8221;zoom&#8221;][\/vc_column][\/vc_row][vc_row][vc_column width=&#8221;1\/2&#8243;][vc_single_image image=&#8221;78&#8243; img_size=&#8221;960&#215;275&#8243; alignment=&#8221;right&#8221; onclick=&#8221;zoom&#8221;][\/vc_column][vc_column width=&#8221;1\/2&#8243;][vc_column_text]<\/p>\n<h2><span style=\"color: #999999;\">Nuclear<\/span><\/h2>\n<p>Special process control and process traceability are essential for FEIN to ensure that customer requirements are met.[\/vc_column_text][\/vc_column][\/vc_row][vc_row][vc_column width=&#8221;1\/2&#8243;][vc_column_text]<\/p>\n<p style=\"text-align: right;\"><span style=\"color: #999999;\">Home appliance<\/span><\/p>\n<p style=\"text-align: right;\">This highly competitive field requires a complete mastery of the cost price<br \/>\nand the constant search for the optimization of productions.<\/p>\n<p style=\"text-align: right;\"><span style=\"color: #000000;\">\u00a0<\/span><\/p>\n<p>[\/vc_column_text][\/vc_column][vc_column width=&#8221;1\/2&#8243;][vc_single_image image=&#8221;75&#8243; img_size=&#8221;960&#215;275&#8243; onclick=&#8221;zoom&#8221;][\/vc_column][\/vc_row][vc_row][vc_column width=&#8221;1\/2&#8243;][vc_single_image image=&#8221;73&#8243; img_size=&#8221;960&#215;275&#8243; alignment=&#8221;right&#8221; onclick=&#8221;zoom&#8221;][\/vc_column][vc_column width=&#8221;1\/2&#8243;][vc_column_text]<\/p>\n<h2><span style=\"color: #999999;\">Building<\/span><\/h2>\n<p>Materials of high thickness, competitive price and put into production without customer forecasts with fast delays,<br \/>\nenable us to respond effectively to this area of activity.<\/p>\n<p><span style=\"color: #000000;\">\u00a0<\/span>[\/vc_column_text][\/vc_column][\/vc_row]<\/p>\n<\/div>","protected":false},"excerpt":{"rendered":"<p>[vc_row css=&#8221;.vc_custom_1504873726498{margin-top: -40px !important;}&#8221;][vc_column el_id=&#8221;header-title&#8221; css=&#8221;.vc_custom_1504873745141{background-color: #ffffff !important;border-radius: 15px !important;}&#8221;][vc_column_text] Our clients [\/vc_column_text][vc_column_text] Fein meets your constraints and requirements, whatever your sector of activity and your<span class=\"excerpt-hellip\"> [\u2026]<\/span><\/p>\n","protected":false},"author":1,"featured_media":0,"parent":0,"menu_order":0,"comment_status":"closed","ping_status":"closed","template":"","meta":{"footnotes":""},"class_list":["post-468","page","type-page","status-publish","hentry"],"yoast_head":"<!-- This site is optimized with the Yoast SEO plugin v24.7 - https:\/\/yoast.com\/wordpress\/plugins\/seo\/ -->\n<title>Our customers - we meet your constraints, requirements, and emergencies<\/title>\n<meta name=\"description\" content=\"Our customers : Fein adapts and responds to your constraints, requirements, emergencies, whatever your sector of activity and your location.\" \/>\n<meta name=\"robots\" content=\"index, follow, max-snippet:-1, max-image-preview:large, max-video-preview:-1\" \/>\n<link rel=\"canonical\" href=\"https:\/\/www.fein-sas.fr\/en\/nos-clients\/\" \/>\n<meta property=\"og:locale\" content=\"en_US\" \/>\n<meta property=\"og:type\" content=\"article\" \/>\n<meta property=\"og:title\" content=\"Our customers - we meet your constraints, requirements, and emergencies\" \/>\n<meta property=\"og:description\" content=\"Our customers : Fein adapts and responds to your constraints, requirements, emergencies, whatever your sector of activity and your location.\" \/>\n<meta property=\"og:url\" content=\"https:\/\/www.fein-sas.fr\/en\/nos-clients\/\" \/>\n<meta property=\"og:site_name\" content=\"Fein SAS\" \/>\n<meta property=\"article:modified_time\" content=\"2017-11-17T10:11:05+00:00\" \/>\n<meta name=\"twitter:card\" content=\"summary_large_image\" \/>\n<meta name=\"twitter:label1\" content=\"Est. reading time\" \/>\n\t<meta name=\"twitter:data1\" content=\"3 minutes\" \/>\n<script type=\"application\/ld+json\" class=\"yoast-schema-graph\">{\"@context\":\"https:\/\/schema.org\",\"@graph\":[{\"@type\":\"WebPage\",\"@id\":\"https:\/\/www.fein-sas.fr\/en\/nos-clients\/\",\"url\":\"https:\/\/www.fein-sas.fr\/en\/nos-clients\/\",\"name\":\"Our customers - we meet your constraints, requirements, and emergencies\",\"isPartOf\":{\"@id\":\"https:\/\/www.fein-sas.fr\/#website\"},\"datePublished\":\"2017-09-06T12:22:03+00:00\",\"dateModified\":\"2017-11-17T10:11:05+00:00\",\"description\":\"Our customers : Fein adapts and responds to your constraints, requirements, emergencies, whatever your sector of activity and your location.\",\"breadcrumb\":{\"@id\":\"https:\/\/www.fein-sas.fr\/en\/nos-clients\/#breadcrumb\"},\"inLanguage\":\"en-US\",\"potentialAction\":[{\"@type\":\"ReadAction\",\"target\":[\"https:\/\/www.fein-sas.fr\/en\/nos-clients\/\"]}]},{\"@type\":\"BreadcrumbList\",\"@id\":\"https:\/\/www.fein-sas.fr\/en\/nos-clients\/#breadcrumb\",\"itemListElement\":[{\"@type\":\"ListItem\",\"position\":1,\"name\":\"Accueil\",\"item\":\"https:\/\/www.fein-sas.fr\/en\/\"},{\"@type\":\"ListItem\",\"position\":2,\"name\":\"Our clients\"}]},{\"@type\":\"WebSite\",\"@id\":\"https:\/\/www.fein-sas.fr\/#website\",\"url\":\"https:\/\/www.fein-sas.fr\/\",\"name\":\"Fein SAS\",\"description\":\"Sp\u00e9cialiste outillage, emboutissage, d\u00e9coupage, assemblage\",\"potentialAction\":[{\"@type\":\"SearchAction\",\"target\":{\"@type\":\"EntryPoint\",\"urlTemplate\":\"https:\/\/www.fein-sas.fr\/?s={search_term_string}\"},\"query-input\":{\"@type\":\"PropertyValueSpecification\",\"valueRequired\":true,\"valueName\":\"search_term_string\"}}],\"inLanguage\":\"en-US\"}]}<\/script>\n<!-- \/ Yoast SEO plugin. -->","yoast_head_json":{"title":"Our customers - we meet your constraints, requirements, and emergencies","description":"Our customers : Fein adapts and responds to your constraints, requirements, emergencies, whatever your sector of activity and your location.","robots":{"index":"index","follow":"follow","max-snippet":"max-snippet:-1","max-image-preview":"max-image-preview:large","max-video-preview":"max-video-preview:-1"},"canonical":"https:\/\/www.fein-sas.fr\/en\/nos-clients\/","og_locale":"en_US","og_type":"article","og_title":"Our customers - we meet your constraints, requirements, and emergencies","og_description":"Our customers : Fein adapts and responds to your constraints, requirements, emergencies, whatever your sector of activity and your location.","og_url":"https:\/\/www.fein-sas.fr\/en\/nos-clients\/","og_site_name":"Fein SAS","article_modified_time":"2017-11-17T10:11:05+00:00","twitter_card":"summary_large_image","twitter_misc":{"Est. reading time":"3 minutes"},"schema":{"@context":"https:\/\/schema.org","@graph":[{"@type":"WebPage","@id":"https:\/\/www.fein-sas.fr\/en\/nos-clients\/","url":"https:\/\/www.fein-sas.fr\/en\/nos-clients\/","name":"Our customers - we meet your constraints, requirements, and emergencies","isPartOf":{"@id":"https:\/\/www.fein-sas.fr\/#website"},"datePublished":"2017-09-06T12:22:03+00:00","dateModified":"2017-11-17T10:11:05+00:00","description":"Our customers : Fein adapts and responds to your constraints, requirements, emergencies, whatever your sector of activity and your location.","breadcrumb":{"@id":"https:\/\/www.fein-sas.fr\/en\/nos-clients\/#breadcrumb"},"inLanguage":"en-US","potentialAction":[{"@type":"ReadAction","target":["https:\/\/www.fein-sas.fr\/en\/nos-clients\/"]}]},{"@type":"BreadcrumbList","@id":"https:\/\/www.fein-sas.fr\/en\/nos-clients\/#breadcrumb","itemListElement":[{"@type":"ListItem","position":1,"name":"Accueil","item":"https:\/\/www.fein-sas.fr\/en\/"},{"@type":"ListItem","position":2,"name":"Our clients"}]},{"@type":"WebSite","@id":"https:\/\/www.fein-sas.fr\/#website","url":"https:\/\/www.fein-sas.fr\/","name":"Fein SAS","description":"Sp\u00e9cialiste outillage, emboutissage, d\u00e9coupage, assemblage","potentialAction":[{"@type":"SearchAction","target":{"@type":"EntryPoint","urlTemplate":"https:\/\/www.fein-sas.fr\/?s={search_term_string}"},"query-input":{"@type":"PropertyValueSpecification","valueRequired":true,"valueName":"search_term_string"}}],"inLanguage":"en-US"}]}},"_links":{"self":[{"href":"https:\/\/www.fein-sas.fr\/en\/wp-json\/wp\/v2\/pages\/468","targetHints":{"allow":["GET"]}}],"collection":[{"href":"https:\/\/www.fein-sas.fr\/en\/wp-json\/wp\/v2\/pages"}],"about":[{"href":"https:\/\/www.fein-sas.fr\/en\/wp-json\/wp\/v2\/types\/page"}],"author":[{"embeddable":true,"href":"https:\/\/www.fein-sas.fr\/en\/wp-json\/wp\/v2\/users\/1"}],"replies":[{"embeddable":true,"href":"https:\/\/www.fein-sas.fr\/en\/wp-json\/wp\/v2\/comments?post=468"}],"version-history":[{"count":0,"href":"https:\/\/www.fein-sas.fr\/en\/wp-json\/wp\/v2\/pages\/468\/revisions"}],"wp:attachment":[{"href":"https:\/\/www.fein-sas.fr\/en\/wp-json\/wp\/v2\/media?parent=468"}],"curies":[{"name":"wp","href":"https:\/\/api.w.org\/{rel}","templated":true}]}}