{"id":395,"date":"2017-09-22T09:44:07","date_gmt":"2017-09-22T07:44:07","guid":{"rendered":"https:\/\/www.fein-sas.fr\/?page_id=395"},"modified":"2017-11-15T15:08:23","modified_gmt":"2017-11-15T14:08:23","slug":"accueil-2","status":"publish","type":"page","link":"https:\/\/www.fein-sas.fr\/en\/accueil-2\/","title":{"rendered":"Accueil"},"content":{"rendered":"<div class=\"wpb-content-wrapper\"><p>[vc_row css=&#8221;.vc_custom_1497964467853{margin-top: -40px !important;border-radius: 20px !important;}&#8221;][vc_column css=&#8221;.vc_custom_1497964462712{background-color: #ffffff !important;border-radius: 15px !important;}&#8221; el_id=&#8221;header-title&#8221;][vc_column_text]<\/p>\n<h1 style=\"text-align: center;\"><strong>Nos m\u00e9tiers, nos savoir-faire<\/strong><\/h1>\n<p>[\/vc_column_text][vc_column_text]<\/p>\n<p style=\"text-align: center;\">D\u00e9coupage, Emboutissage, Outillage, Assemblage<\/p>\n<p>[\/vc_column_text][\/vc_column][\/vc_row][vc_row][vc_column width=&#8221;1\/4&#8243; el_class=&#8221;card-home&#8221;][vc_single_image image=&#8221;9&#8243; img_size=&#8221;full&#8221; alignment=&#8221;center&#8221; css=&#8221;.vc_custom_1504854207098{border-radius: 30px !important;}&#8221; el_class=&#8221;img&#8221;][vc_column_text el_class=&#8221;text&#8221;]L\u2019\u00e9tude en amont permet de pr\u00e9senter une ou plusieurs solutions techniques de r\u00e9alisation, d\u00e9terminer un process, puis une gamme de fabrication et pr\u00e9senter prototypes et \u00e9chantillons initiaux avant la validation s\u00e9rie.[\/vc_column_text][vc_btn title=&#8221;D\u00e9coupage&#8221; color=&#8221;white&#8221; align=&#8221;center&#8221; el_class=&#8221;btn&#8221; link=&#8221;url:https%3A%2F%2Fwww.fein-sas.fr%2Fdecoupage%2F|||&#8221;][\/vc_column][vc_column width=&#8221;1\/4&#8243; el_class=&#8221;card-home&#8221;][vc_single_image image=&#8221;10&#8243; img_size=&#8221;full&#8221; alignment=&#8221;center&#8221; el_class=&#8221;img&#8221;][vc_column_text el_class=&#8221;text&#8221;]L\u2019\u00e9tude de la pi\u00e8ce souhait\u00e9e par le client permet de calculer \u00e0 rebours les \u00e9tapes de la d\u00e9formation de la mati\u00e8re et de d\u00e9finir un flan plat pour concevoir la mise en bande de la pi\u00e8ce.[\/vc_column_text][vc_btn title=&#8221;Emboutissage&#8221; color=&#8221;white&#8221; align=&#8221;center&#8221; el_class=&#8221;btn&#8221; link=&#8221;url:https%3A%2F%2Fwww.fein-sas.fr%2Femboutissage%2F|||&#8221;][\/vc_column][vc_column width=&#8221;1\/4&#8243; el_class=&#8221;card-home&#8221;][vc_single_image image=&#8221;50&#8243; img_size=&#8221;full&#8221; alignment=&#8221;center&#8221; el_class=&#8221;img&#8221;][vc_column_text el_class=&#8221;text&#8221;]La constance de nos assemblages est contr\u00f4l\u00e9e et mesur\u00e9e tout au long de la fabrication, avec la m\u00eame rigueur et fr\u00e9quence que le reste de nos productions.[\/vc_column_text][vc_btn title=&#8221;Assemblage&#8221; color=&#8221;white&#8221; align=&#8221;center&#8221; el_class=&#8221;btn&#8221; link=&#8221;url:https%3A%2F%2Fwww.fein-sas.fr%2Fassemblage%2F|||&#8221;][\/vc_column][vc_column width=&#8221;1\/4&#8243; el_class=&#8221;card-home&#8221;][vc_single_image image=&#8221;12&#8243; img_size=&#8221;full&#8221; alignment=&#8221;center&#8221; el_class=&#8221;img&#8221;][vc_column_text el_class=&#8221;text&#8221;]R\u00e9alisation des outillages de presse : tous types d\u2019outil de d\u00e9coupage \u2013 emboutissage La conception, la r\u00e9alisation et l\u2019entretien des outillages se font en interne.[\/vc_column_text][vc_btn title=&#8221;Outillage de pr\u00e9cision&#8221; color=&#8221;white&#8221; align=&#8221;center&#8221; el_class=&#8221;btn&#8221; link=&#8221;url:https%3A%2F%2Fwww.fein-sas.fr%2Foutillage-de-precision%2F|||&#8221;][\/vc_column][\/vc_row][vc_row][vc_column][vc_column_text el_class=&#8221;text1-home&#8221;]<\/p>\n<h2 style=\"text-align: center;\">Qualit\u00e9 &#8211; R\u00e9activit\u00e9 &#8211; Haute technicit\u00e9 &#8211; Service d\u00e9di\u00e9 satisfaction client<\/h2>\n<p>[\/vc_column_text][\/vc_column][\/vc_row][vc_row][vc_column][vc_single_image image=&#8221;14&#8243; img_size=&#8221;full&#8221;][\/vc_column][\/vc_row][vc_row][vc_column el_class=&#8221;bloc-textpartenaire-home&#8221;][vc_column_text el_class=&#8221;text1&#8243;]<\/p>\n<p style=\"text-align: center;\">Un partenaire au service de vos besoins et de vos contraintes<\/p>\n<p>[\/vc_column_text][vc_column_text el_class=&#8221;text2&#8243;]<\/p>\n<p style=\"text-align: center;\">La Soci\u00e9t\u00e9 FEIN est active depuis 1946 dans les domaines d\u00e9coupage, emboutissage, outillage, assemblage<\/p>\n<p>[\/vc_column_text][\/vc_column][\/vc_row][vc_row full_width=&#8221;stretch_row_content_no_spaces&#8221;][vc_column width=&#8221;5\/12&#8243;][vc_single_image image=&#8221;15&#8243; img_size=&#8221;800&#215;600&#8243; alignment=&#8221;right&#8221; onclick=&#8221;zoom&#8221;][\/vc_column][vc_column width=&#8221;7\/12&#8243;]<ul id=\"cd-timeline\" class=\"cd-container\"><li class=\"cd-timeline-block\">\t<div class=\"cd-timeline-num\">\t\t<span>1<\/span>\t<\/div>\t<div class=\"cd-timeline-content\">\t\t<div class=\"titre\">Une expertise d\u00e9di\u00e9e \u00e0 vos besoins et contraintes<\/div>\t\t<p class=\"text\">Nous r\u00e9alisons des pi\u00e8ces techniques sur plan client et une assistance en amont lors de la d\u00e9finition de la pi\u00e8ce (cahier des charges, pr\u00e9conisations techniques, optimisation mati\u00e8res et process)<\/p>\t<\/div> <\/li\"><li class=\"cd-timeline-block\">\t<div class=\"cd-timeline-num\">\t\t<span>2<\/span>\t<\/div>\t<div class=\"cd-timeline-content\">\t\t<div class=\"titre\">Du sur-mesure adapt\u00e9 \u00e0 vos quantit\u00e9s<\/div>\t\t<p class=\"text\">Nous assurons la fabrication de pi\u00e8ces m\u00e9talliques, avec toutes tailles de s\u00e9ries, sans minimum de production, sans pr\u00e9vision.<\/p>\t<\/div> <\/li\"><li class=\"cd-timeline-block\">\t<div class=\"cd-timeline-num\">\t\t<span>3<\/span>\t<\/div>\t<div class=\"cd-timeline-content\">\t\t<div class=\"titre\">Une production de toutes tailles de s\u00e9ries :<\/div>\t\t<p class=\"text\">Extr\u00eames depuis quelques pi\u00e8ces unitaires jusqu&#8217;\u00e0 plusieurs millions de pi\u00e8ces par cadence.<\/p>\t<\/div> <\/li\"><li class=\"cd-timeline-block\">\t<div class=\"cd-timeline-num\">\t\t<span>4<\/span>\t<\/div>\t<div class=\"cd-timeline-content\">\t\t<div class=\"titre\">Des d\u00e9lais optimis\u00e9s<\/div>\t\t<p class=\"text\">Nous privil\u00e9gions un circuit de production \u00e0 cycles courts, avec nos fournisseurs et sous-traitants locaux, pour assurer \u00e0 nos clients une grande r\u00e9activit\u00e9 et des d\u00e9lais aussi prompts que possible.<\/p>\t<\/div> <\/li\"><li class=\"cd-timeline-block\">\t<div class=\"cd-timeline-num\">\t\t<span>5<\/span>\t<\/div>\t<div class=\"cd-timeline-content\">\t\t<div class=\"titre\">Un parc machine qui r\u00e9pond efficacement \u00e0 vos demandes<\/div>\t\t<p class=\"text\">Notre parc machine important et vari\u00e9, un espace de stockage mati\u00e8res, pi\u00e8ces finies et un flux logistique court, font de nous un acteur dynamique, efficace et r\u00e9actif.<\/p>\t<\/div> <\/li\"><li class=\"cd-timeline-block\">\t<div class=\"cd-timeline-num\">\t\t<span>6<\/span>\t<\/div>\t<div class=\"cd-timeline-content\">\t\t<div class=\"titre\">Une r\u00e9ponse pour chaque march\u00e9<\/div>\t\t<p class=\"text\">Cette adaptation aux contraintes \u00e9conomiques actuelles &#8211; pas ou peu de visibilit\u00e9 &#8211; assure souplesse et adaptation aux urgences de notre client\u00e8le locale, nationale et internationale pour ses besoins en Outillage, Emboutissage, D\u00e9coupage, Assemblage :<\/p>\n<ul class=\"lis\">\n<li>automobile,<\/li>\n<li>appareillages \u00e9lectriques<\/li>\n<li>connectique,<\/li>\n<li>pi\u00e8ces m\u00e9caniques diverses,<\/li>\n<li>luxe,<\/li>\n<li>nucl\u00e9aire,<\/li>\n<li>moteurs \u00e9lectriques,<\/li>\n<li>composants magn\u00e9tiques,<\/li>\n<li>\u00e9lectro-m\u00e9nager<\/li>\n<li>b\u00e2timent,<\/li>\n<li>etc.<\/li>\n<\/ul>\n<p><\/p>\t<\/div> <\/li\"><\/ul>[\/vc_column][\/vc_row][vc_row][vc_column][vc_btn title=&#8221;Notre entreprise&#8221; style=&#8221;custom&#8221; custom_background=&#8221;#f18622&#8243; custom_text=&#8221;#ffffff&#8221; shape=&#8221;square&#8221; align=&#8221;center&#8221; link=&#8221;url:https%3A%2F%2Fwww.fein-sas.fr%2Fentreprise%2F|title:D%C3%A9couvrir%20notre%20entreprise||&#8221;][\/vc_column][\/vc_row][vc_row][vc_column][vc_single_image image=&#8221;14&#8243; img_size=&#8221;full&#8221;][vc_column_text el_class=&#8221;actu-home&#8221;]Nos actualit\u00e9s[\/vc_column_text][vc_column_text el_class=&#8221;recent-post&#8221;]<div class=\"blog_slider clearfix  flat\" data-count=\"5\"><div class=\"blog_slider_header\"><\/div><ul class=\"blog_slider_ul\"><li class=\"post-521 post type-post status-publish format-standard has-post-thumbnail hentry category-uncategorized\"><div class=\"item_wrapper\"><div class=\"image_frame scale-with-grid\"><div class=\"image_wrapper\"><a href=\"https:\/\/www.fein-sas.fr\/en\/best-wishes-from-fein\/\"><img decoding=\"async\" width=\"600\" height=\"300\" data-src=\"https:\/\/www.fein-sas.fr\/wp-content\/uploads\/2018\/01\/voeux2018-c-2.jpg\" class=\"scale-with-grid wp-post-image lazyload\" alt=\"\" data-srcset=\"https:\/\/www.fein-sas.fr\/wp-content\/uploads\/2018\/01\/voeux2018-c-2.jpg 600w, https:\/\/www.fein-sas.fr\/wp-content\/uploads\/2018\/01\/voeux2018-c-2-300x150.jpg 300w, https:\/\/www.fein-sas.fr\/wp-content\/uploads\/2018\/01\/voeux2018-c-2-260x130.jpg 260w, https:\/\/www.fein-sas.fr\/wp-content\/uploads\/2018\/01\/voeux2018-c-2-50x25.jpg 50w, https:\/\/www.fein-sas.fr\/wp-content\/uploads\/2018\/01\/voeux2018-c-2-150x75.jpg 150w\" data-sizes=\"(max-width:767px) 600px, 600px\" src=\"data:image\/gif;base64,R0lGODlhAQABAAAAACH5BAEKAAEALAAAAAABAAEAAAICTAEAOw==\" style=\"--smush-placeholder-width: 600px; --smush-placeholder-aspect-ratio: 600\/300;\" \/><\/a><\/div><\/div><div class=\"date_label\">9 January 2018<\/div><div class=\"blog_description\">Best wishes for the New Year!<\/div><\/div><\/li><li class=\"post-221 post type-post status-publish format-standard has-post-thumbnail hentry category-uncategorized\"><div class=\"item_wrapper\"><div class=\"image_frame scale-with-grid\"><div class=\"image_wrapper\"><a href=\"https:\/\/www.fein-sas.fr\/en\/blechexpo-stuttgart\/\"><img decoding=\"async\" width=\"300\" height=\"200\" data-src=\"https:\/\/www.fein-sas.fr\/wp-content\/uploads\/2017\/09\/actualite1.jpg\" class=\"scale-with-grid wp-post-image lazyload\" alt=\"\" data-srcset=\"https:\/\/www.fein-sas.fr\/wp-content\/uploads\/2017\/09\/actualite1.jpg 300w, https:\/\/www.fein-sas.fr\/wp-content\/uploads\/2017\/09\/actualite1-219x146.jpg 219w, https:\/\/www.fein-sas.fr\/wp-content\/uploads\/2017\/09\/actualite1-50x33.jpg 50w, https:\/\/www.fein-sas.fr\/wp-content\/uploads\/2017\/09\/actualite1-113x75.jpg 113w\" data-sizes=\"(max-width:767px) 300px, 300px\" src=\"data:image\/gif;base64,R0lGODlhAQABAAAAACH5BAEKAAEALAAAAAABAAEAAAICTAEAOw==\" style=\"--smush-placeholder-width: 300px; --smush-placeholder-aspect-ratio: 300\/200;\" \/><\/a><\/div><\/div><div class=\"date_label\">15 September 2017<\/div><div class=\"blog_description\">FEIN will be at Blechexpo Stuttgart, the international trade fair for sheet metal working, from 7 to 10 November 2017.<\/div><\/div><\/li><li class=\"post-219 post type-post status-publish format-standard has-post-thumbnail hentry category-uncategorized\"><div class=\"item_wrapper\"><div class=\"image_frame scale-with-grid\"><div class=\"image_wrapper\"><a href=\"https:\/\/www.fein-sas.fr\/en\/tribofinition\/\"><img decoding=\"async\" width=\"960\" height=\"720\" data-src=\"https:\/\/www.fein-sas.fr\/wp-content\/uploads\/2017\/09\/Tribofinition-montage-960x720.jpg\" class=\"scale-with-grid wp-post-image lazyload\" alt=\"\" src=\"data:image\/gif;base64,R0lGODlhAQABAAAAACH5BAEKAAEALAAAAAABAAEAAAICTAEAOw==\" style=\"--smush-placeholder-width: 960px; --smush-placeholder-aspect-ratio: 960\/720;\" \/><\/a><\/div><\/div><div class=\"date_label\">6 December 2016<\/div><div class=\"blog_description\">Integration of a tribofinishing unit to deburr and degrease the parts produced. FEIN has added this new unit in order to offer its customers even greater<span class=\"excerpt-hellip\"> [\u2026]<\/span><\/div><\/div><\/li><li class=\"post-217 post type-post status-publish format-standard has-post-thumbnail hentry category-uncategorized\"><div class=\"item_wrapper\"><div class=\"image_frame scale-with-grid\"><div class=\"image_wrapper\"><a href=\"https:\/\/www.fein-sas.fr\/en\/decoupe-laser\/\"><img decoding=\"async\" width=\"960\" height=\"720\" data-src=\"https:\/\/www.fein-sas.fr\/wp-content\/uploads\/2017\/09\/laser-MDEJ4068-960x720.jpg\" class=\"scale-with-grid wp-post-image lazyload\" alt=\"\" src=\"data:image\/gif;base64,R0lGODlhAQABAAAAACH5BAEKAAEALAAAAAABAAEAAAICTAEAOw==\" style=\"--smush-placeholder-width: 960px; --smush-placeholder-aspect-ratio: 960\/720;\" \/><\/a><\/div><\/div><div class=\"date_label\">15 July 2016<\/div><div class=\"blog_description\">FEIN is developing its service offering. Thanks to its partnership with Bozonet, FEIN now has an LVD laser cutting machine with a capacity of 1500&#215;3000 on<span class=\"excerpt-hellip\"> [\u2026]<\/span><\/div><\/div><\/li><li class=\"post-215 post type-post status-publish format-standard has-post-thumbnail hentry category-uncategorized\"><div class=\"item_wrapper\"><div class=\"image_frame scale-with-grid\"><div class=\"image_wrapper\"><a href=\"https:\/\/www.fein-sas.fr\/en\/la-presse-en-parle\/\"><img decoding=\"async\" width=\"300\" height=\"200\" data-src=\"https:\/\/www.fein-sas.fr\/wp-content\/uploads\/2017\/09\/actualite-4.jpg\" class=\"scale-with-grid wp-post-image lazyload\" alt=\"\" data-srcset=\"https:\/\/www.fein-sas.fr\/wp-content\/uploads\/2017\/09\/actualite-4.jpg 300w, https:\/\/www.fein-sas.fr\/wp-content\/uploads\/2017\/09\/actualite-4-219x146.jpg 219w, https:\/\/www.fein-sas.fr\/wp-content\/uploads\/2017\/09\/actualite-4-50x33.jpg 50w, https:\/\/www.fein-sas.fr\/wp-content\/uploads\/2017\/09\/actualite-4-113x75.jpg 113w\" data-sizes=\"(max-width:767px) 300px, 300px\" src=\"data:image\/gif;base64,R0lGODlhAQABAAAAACH5BAEKAAEALAAAAAABAAEAAAICTAEAOw==\" style=\"--smush-placeholder-width: 300px; --smush-placeholder-aspect-ratio: 300\/200;\" \/><\/a><\/div><\/div><div class=\"date_label\">10 July 2014<\/div><div class=\"blog_description\">July 2014 \u2013 L\u2019Usine Nouvelle FEIN invests \u20ac2.5m in Dannemarie-sur-Cr\u00e8te, in Doubs. FEIN, a precision engineering subcontractor based in Dannemarie-sur-Cr\u00e8te (Doubs), is implementing an investment plan<span class=\"excerpt-hellip\"> [\u2026]<\/span><\/div><\/div><\/li><\/ul><div class=\"slider_pager slider_pagination\"><\/div><\/div>[\/vc_column_text][\/vc_column][\/vc_row]<\/p>\n<\/div>","protected":false},"excerpt":{"rendered":"<p>[vc_row css=&#8221;.vc_custom_1497964467853{margin-top: -40px !important;border-radius: 20px !important;}&#8221;][vc_column css=&#8221;.vc_custom_1497964462712{background-color: #ffffff !important;border-radius: 15px !important;}&#8221; el_id=&#8221;header-title&#8221;][vc_column_text] Nos m\u00e9tiers, nos savoir-faire [\/vc_column_text][vc_column_text] D\u00e9coupage, Emboutissage, Outillage, Assemblage [\/vc_column_text][\/vc_column][\/vc_row][vc_row][vc_column width=&#8221;1\/4&#8243; el_class=&#8221;card-home&#8221;][vc_single_image image=&#8221;9&#8243; img_size=&#8221;full&#8221;<span class=\"excerpt-hellip\"> [\u2026]<\/span><\/p>\n","protected":false},"author":1,"featured_media":0,"parent":0,"menu_order":0,"comment_status":"closed","ping_status":"closed","template":"","meta":{"footnotes":""},"class_list":["post-395","page","type-page","status-publish","hentry"],"yoast_head":"<!-- This site is optimized with the Yoast SEO plugin v24.7 - https:\/\/yoast.com\/wordpress\/plugins\/seo\/ -->\n<title>Tooling, stamping, blanking, assembly, FEIN BESAN\u00c7ON<\/title>\n<meta name=\"description\" content=\"FEIN, specialist in tooling, stamping, blanking, assembly - recognised for the quality and high technicality of its production and its customer service\" \/>\n<meta name=\"robots\" content=\"index, follow, max-snippet:-1, max-image-preview:large, max-video-preview:-1\" \/>\n<link rel=\"canonical\" href=\"https:\/\/www.fein-sas.fr\/en\/accueil-2\/\" \/>\n<meta property=\"og:locale\" content=\"en_US\" \/>\n<meta property=\"og:type\" content=\"article\" \/>\n<meta property=\"og:title\" content=\"Tooling, stamping, blanking, assembly, FEIN BESAN\u00c7ON\" \/>\n<meta property=\"og:description\" content=\"FEIN, specialist in tooling, stamping, blanking, assembly - recognised for the quality and high technicality of its production and its customer service\" \/>\n<meta property=\"og:url\" content=\"https:\/\/www.fein-sas.fr\/en\/accueil-2\/\" \/>\n<meta property=\"og:site_name\" content=\"Fein SAS\" \/>\n<meta property=\"article:modified_time\" content=\"2017-11-15T14:08:23+00:00\" \/>\n<meta name=\"twitter:card\" content=\"summary_large_image\" \/>\n<meta name=\"twitter:label1\" content=\"Est. reading time\" \/>\n\t<meta name=\"twitter:data1\" content=\"5 minutes\" \/>\n<script type=\"application\/ld+json\" class=\"yoast-schema-graph\">{\"@context\":\"https:\/\/schema.org\",\"@graph\":[{\"@type\":\"WebPage\",\"@id\":\"https:\/\/www.fein-sas.fr\/en\/accueil-2\/\",\"url\":\"https:\/\/www.fein-sas.fr\/en\/accueil-2\/\",\"name\":\"Tooling, stamping, blanking, assembly, FEIN BESAN\u00c7ON\",\"isPartOf\":{\"@id\":\"https:\/\/www.fein-sas.fr\/#website\"},\"datePublished\":\"2017-09-22T07:44:07+00:00\",\"dateModified\":\"2017-11-15T14:08:23+00:00\",\"description\":\"FEIN, specialist in tooling, stamping, blanking, assembly - recognised for the quality and high technicality of its production and its customer service\",\"breadcrumb\":{\"@id\":\"https:\/\/www.fein-sas.fr\/en\/accueil-2\/#breadcrumb\"},\"inLanguage\":\"en-US\",\"potentialAction\":[{\"@type\":\"ReadAction\",\"target\":[\"https:\/\/www.fein-sas.fr\/en\/accueil-2\/\"]}]},{\"@type\":\"BreadcrumbList\",\"@id\":\"https:\/\/www.fein-sas.fr\/en\/accueil-2\/#breadcrumb\",\"itemListElement\":[{\"@type\":\"ListItem\",\"position\":1,\"name\":\"Accueil\",\"item\":\"https:\/\/www.fein-sas.fr\/en\/\"},{\"@type\":\"ListItem\",\"position\":2,\"name\":\"Accueil\"}]},{\"@type\":\"WebSite\",\"@id\":\"https:\/\/www.fein-sas.fr\/#website\",\"url\":\"https:\/\/www.fein-sas.fr\/\",\"name\":\"Fein SAS\",\"description\":\"Sp\u00e9cialiste outillage, emboutissage, d\u00e9coupage, assemblage\",\"potentialAction\":[{\"@type\":\"SearchAction\",\"target\":{\"@type\":\"EntryPoint\",\"urlTemplate\":\"https:\/\/www.fein-sas.fr\/?s={search_term_string}\"},\"query-input\":{\"@type\":\"PropertyValueSpecification\",\"valueRequired\":true,\"valueName\":\"search_term_string\"}}],\"inLanguage\":\"en-US\"}]}<\/script>\n<!-- \/ Yoast SEO plugin. -->","yoast_head_json":{"title":"Tooling, stamping, blanking, assembly, FEIN BESAN\u00c7ON","description":"FEIN, specialist in tooling, stamping, blanking, assembly - recognised for the quality and high technicality of its production and its customer service","robots":{"index":"index","follow":"follow","max-snippet":"max-snippet:-1","max-image-preview":"max-image-preview:large","max-video-preview":"max-video-preview:-1"},"canonical":"https:\/\/www.fein-sas.fr\/en\/accueil-2\/","og_locale":"en_US","og_type":"article","og_title":"Tooling, stamping, blanking, assembly, FEIN BESAN\u00c7ON","og_description":"FEIN, specialist in tooling, stamping, blanking, assembly - recognised for the quality and high technicality of its production and its customer service","og_url":"https:\/\/www.fein-sas.fr\/en\/accueil-2\/","og_site_name":"Fein SAS","article_modified_time":"2017-11-15T14:08:23+00:00","twitter_card":"summary_large_image","twitter_misc":{"Est. reading time":"5 minutes"},"schema":{"@context":"https:\/\/schema.org","@graph":[{"@type":"WebPage","@id":"https:\/\/www.fein-sas.fr\/en\/accueil-2\/","url":"https:\/\/www.fein-sas.fr\/en\/accueil-2\/","name":"Tooling, stamping, blanking, assembly, FEIN BESAN\u00c7ON","isPartOf":{"@id":"https:\/\/www.fein-sas.fr\/#website"},"datePublished":"2017-09-22T07:44:07+00:00","dateModified":"2017-11-15T14:08:23+00:00","description":"FEIN, specialist in tooling, stamping, blanking, assembly - recognised for the quality and high technicality of its production and its customer service","breadcrumb":{"@id":"https:\/\/www.fein-sas.fr\/en\/accueil-2\/#breadcrumb"},"inLanguage":"en-US","potentialAction":[{"@type":"ReadAction","target":["https:\/\/www.fein-sas.fr\/en\/accueil-2\/"]}]},{"@type":"BreadcrumbList","@id":"https:\/\/www.fein-sas.fr\/en\/accueil-2\/#breadcrumb","itemListElement":[{"@type":"ListItem","position":1,"name":"Accueil","item":"https:\/\/www.fein-sas.fr\/en\/"},{"@type":"ListItem","position":2,"name":"Accueil"}]},{"@type":"WebSite","@id":"https:\/\/www.fein-sas.fr\/#website","url":"https:\/\/www.fein-sas.fr\/","name":"Fein SAS","description":"Sp\u00e9cialiste outillage, emboutissage, d\u00e9coupage, assemblage","potentialAction":[{"@type":"SearchAction","target":{"@type":"EntryPoint","urlTemplate":"https:\/\/www.fein-sas.fr\/?s={search_term_string}"},"query-input":{"@type":"PropertyValueSpecification","valueRequired":true,"valueName":"search_term_string"}}],"inLanguage":"en-US"}]}},"_links":{"self":[{"href":"https:\/\/www.fein-sas.fr\/en\/wp-json\/wp\/v2\/pages\/395","targetHints":{"allow":["GET"]}}],"collection":[{"href":"https:\/\/www.fein-sas.fr\/en\/wp-json\/wp\/v2\/pages"}],"about":[{"href":"https:\/\/www.fein-sas.fr\/en\/wp-json\/wp\/v2\/types\/page"}],"author":[{"embeddable":true,"href":"https:\/\/www.fein-sas.fr\/en\/wp-json\/wp\/v2\/users\/1"}],"replies":[{"embeddable":true,"href":"https:\/\/www.fein-sas.fr\/en\/wp-json\/wp\/v2\/comments?post=395"}],"version-history":[{"count":0,"href":"https:\/\/www.fein-sas.fr\/en\/wp-json\/wp\/v2\/pages\/395\/revisions"}],"wp:attachment":[{"href":"https:\/\/www.fein-sas.fr\/en\/wp-json\/wp\/v2\/media?parent=395"}],"curies":[{"name":"wp","href":"https:\/\/api.w.org\/{rel}","templated":true}]}}